{"id":7763,"date":"2025-01-16T09:37:22","date_gmt":"2025-01-16T09:37:22","guid":{"rendered":"https:\/\/www.orioncenter.be\/?page_id=7763"},"modified":"2025-09-20T20:50:53","modified_gmt":"2025-09-20T20:50:53","slug":"privacy-beleid","status":"publish","type":"page","link":"https:\/\/www.orioncenter.be\/fr_be\/privacy-beleid\/","title":{"rendered":"Politique de confidentialit\u00e9"},"content":{"rendered":"<div data-elementor-type=\"wp-page\" data-elementor-id=\"7763\" class=\"elementor elementor-7763\" data-elementor-post-type=\"page\">\n\t\t\t\t\t\t<section class=\"elementor-section elementor-top-section elementor-element elementor-element-146bc43 elementor-section-height-min-height elementor-section-boxed elementor-section-height-default elementor-section-items-middle jltma-glass-effect-no\" data-id=\"146bc43\" data-element_type=\"section\" data-settings=\"{&quot;background_background&quot;:&quot;classic&quot;}\">\n\t\t\t\t\t\t\t<div class=\"elementor-background-overlay\"><\/div>\n\t\t\t\t\t\t\t<div class=\"elementor-container elementor-column-gap-default\">\n\t\t\t\t\t<div class=\"elementor-column elementor-col-100 elementor-top-column elementor-element elementor-element-7ea55f26 sc_layouts_column_icons_position_left jltma-glass-effect-no\" data-id=\"7ea55f26\" data-element_type=\"column\">\n\t\t\t<div class=\"elementor-widget-wrap elementor-element-populated\">\n\t\t\t\t\t\t<div class=\"elementor-element elementor-element-8fc8f71 elementor-icon-list--layout-inline elementor-tablet-align-center elementor-align-center elementor-mobile-align-center elementor-list-item-link-full_width jltma-glass-effect-no elementor-widget elementor-widget-icon-list\" data-id=\"8fc8f71\" data-element_type=\"widget\" data-widget_type=\"icon-list.default\">\n\t\t\t\t<div class=\"elementor-widget-container\">\n\t\t\t\t\t<ul class=\"elementor-icon-list-items elementor-inline-items\">\n\t\t\t\t\t\t\t<li class=\"elementor-icon-list-item elementor-inline-item\">\n\t\t\t\t\t\t\t\t\t\t\t<a href=\"#\">\n\n\t\t\t\t\t\t\t\t\t\t\t<span class=\"elementor-icon-list-text\">Politique de confidentialit\u00e9 <\/span>\n\t\t\t\t\t\t\t\t\t\t\t<\/a>\n\t\t\t\t\t\t\t\t\t<\/li>\n\t\t\t\t\t\t<\/ul>\n\t\t\t\t<\/div>\n\t\t\t\t<\/div>\n\t\t\t\t\t<\/div>\n\t\t<\/div>\n\t\t\t\t\t<\/div>\n\t\t<\/section>\n\t\t\t\t<section class=\"elementor-section elementor-top-section elementor-element elementor-element-648ccb4 elementor-section-boxed elementor-section-height-default elementor-section-height-default jltma-glass-effect-no\" data-id=\"648ccb4\" data-element_type=\"section\">\n\t\t\t\t\t\t<div class=\"elementor-container elementor-column-gap-default\">\n\t\t\t\t\t<div class=\"elementor-column elementor-col-100 elementor-top-column elementor-element elementor-element-9e18543 sc_layouts_column_icons_position_left jltma-glass-effect-no\" data-id=\"9e18543\" data-element_type=\"column\">\n\t\t\t<div class=\"elementor-widget-wrap elementor-element-populated\">\n\t\t\t\t\t\t<div class=\"elementor-element elementor-element-918639f jltma-glass-effect-no elementor-widget elementor-widget-text-editor\" data-id=\"918639f\" data-element_type=\"widget\" data-widget_type=\"text-editor.default\">\n\t\t\t\t<div class=\"elementor-widget-container\">\n\t\t\t\t\t\t\t<p><b>Politique de confidentialit\u00e9 Orion Center ASBL<\/b><\/p><p><b>Derni\u00e8re mise \u00e0 jour : 16\/01\/2025<\/b><span style=\"font-weight: 400;\"><br \/><\/span><span style=\"font-weight: 400;\">Nous sommes conscients de la confiance que vous nous accordez. Nous consid\u00e9rons donc qu'il est de notre responsabilit\u00e9 de prot\u00e9ger votre vie priv\u00e9e. Sur cette page, nous vous indiquons quelles donn\u00e9es nous collectons lorsque vous utilisez notre site web, pourquoi nous collectons ces donn\u00e9es et comment nous les utilisons pour am\u00e9liorer votre exp\u00e9rience d'utilisateur. De cette mani\u00e8re, vous comprenez exactement comment nous travaillons. Cette politique de confidentialit\u00e9 s'applique aux services de l'ASBL Orion Center. Vous devez savoir que l'ASBL Orion Center n'est pas responsable des politiques de confidentialit\u00e9 d'autres sites et sources. En utilisant ce site web, vous indiquez que vous acceptez la politique de confidentialit\u00e9. L'ASBL Orion Center respecte la vie priv\u00e9e de tous les utilisateurs de son site et veille \u00e0 ce que les informations personnelles que vous nous fournissez soient trait\u00e9es de mani\u00e8re confidentielle.<\/span><\/p><p><b>Utilisation des donn\u00e9es collect\u00e9es<\/b><b><br \/><\/b><span style=\"font-weight: 400;\">Lorsque vous vous inscrivez \u00e0 l'un de nos services, nous vous demandons de fournir des donn\u00e9es personnelles. Ces donn\u00e9es sont utilis\u00e9es pour ex\u00e9cuter le service. Les donn\u00e9es sont stock\u00e9es sur les serveurs s\u00e9curis\u00e9s de l'ASBL Orion Center ou sur ceux d'un tiers. Nous ne combinerons pas ces donn\u00e9es avec d'autres donn\u00e9es personnelles en notre possession. Vous pouvez toujours demander quelles donn\u00e9es nous avons sur vous en nous contactant via notre formulaire de contact.<\/span><\/p><p><b>Communication<\/b><b><br \/><\/b><span style=\"font-weight: 400;\">Lorsque vous nous envoyez des courriers \u00e9lectroniques ou d'autres messages, nous pouvons conserver ces messages. Parfois, nous vous demanderons de nous communiquer vos donn\u00e9es personnelles en rapport avec la situation en question. Cela nous permet de traiter vos demandes et d'y r\u00e9pondre. Les donn\u00e9es sont stock\u00e9es sur les serveurs s\u00e9curis\u00e9s de l'ASBL Orion Center ou sur ceux d'un tiers. Nous collectons des donn\u00e9es \u00e0 des fins de recherche afin de mieux comprendre nos visiteurs et d'adapter nos services aux besoins et aux exigences de nos clients et de nos contacts en g\u00e9n\u00e9ral.<\/span><\/p><p><b>Ce site web utilise des \u00ab cookies \u00bb<\/b><span style=\"font-weight: 400;\"> (fichiers texte plac\u00e9s sur votre ordinateur) pour aider le site web \u00e0 analyser l'utilisation qu'en font les utilisateurs. Les informations g\u00e9n\u00e9r\u00e9es par le cookie concernant votre utilisation du site web peuvent \u00eatre transf\u00e9r\u00e9es sur les serveurs s\u00e9curis\u00e9s de l'ASBL Orion Center ou sur ceux d'un tiers. Nous utilisons ces informations pour suivre la fa\u00e7on dont vous utilisez le site web, pour compiler des rapports sur l'activit\u00e9 du site web et pour offrir d'autres services li\u00e9s \u00e0 l'activit\u00e9 du site web et \u00e0 l'utilisation d'Internet.<\/span><span style=\"font-weight: 400;\"><br \/><\/span><span style=\"font-weight: 400;\"><br \/><\/span><b>D\u00e9sactiver les cookies<\/b><b><br \/><\/b><span style=\"font-weight: 400;\">La plupart des navigateurs sont configur\u00e9s pour accepter les cookies par d\u00e9faut, mais vous pouvez r\u00e9initialiser votre navigateur pour qu'il refuse tous les cookies ou pour qu'il indique quand un cookie est envoy\u00e9. Toutefois, certaines fonctionnalit\u00e9s et certains services, sur notre site ou sur d'autres sites, peuvent ne pas fonctionner correctement si les cookies sont d\u00e9sactiv\u00e9s dans votre navigateur.<\/span><\/p><p>\u00a0<\/p><p><b>Objectifs<\/b><b><br \/><\/b><span style=\"font-weight: 400;\">Nous ne collectons ni n'utilisons d'informations \u00e0 des fins autres que celles d\u00e9crites dans la pr\u00e9sente politique de confidentialit\u00e9, sauf si nous avons obtenu votre consentement pr\u00e9alable.<\/span><span style=\"font-weight: 400;\"><br \/><\/span><span style=\"font-weight: 400;\">Les donn\u00e9es personnelles que nous collectons peuvent inclure les coordonn\u00e9es, la date de naissance, le sexe, la nationalit\u00e9 et d'autres informations pertinentes.<\/span><\/p><p><b>Bases juridiques du traitement<\/b><span style=\"font-weight: 400;\"><br \/><\/span><span style=\"font-weight: 400;\">Nous traitons les donn\u00e9es \u00e0 caract\u00e8re personnel sur la base d'obligations l\u00e9gales, de votre consentement ou d'int\u00e9r\u00eats l\u00e9gitimes, tels que l'am\u00e9lioration de nos services.<\/span><\/p><p><b>P\u00e9riodes de conservation<\/b><b><br \/><\/b><span style=\"font-weight: 400;\">Vos donn\u00e9es ne seront pas conserv\u00e9es plus longtemps que n\u00e9cessaire aux fins pour lesquelles elles ont \u00e9t\u00e9 collect\u00e9es, \u00e0 moins que des obligations l\u00e9gales n'en d\u00e9cident autrement.<\/span><\/p><p><b>Securit\u00e9<\/b><b><br \/><\/b><span style=\"font-weight: 400;\">Nous prenons des mesures de s\u00e9curit\u00e9 appropri\u00e9es pour emp\u00eacher l'utilisation abusive, la perte, l'acc\u00e8s non autoris\u00e9 et tout autre traitement ind\u00e9sirable des donn\u00e9es \u00e0 caract\u00e8re personnel. Notre personnel, nos b\u00e9n\u00e9voles et les parties externes impliqu\u00e9es dans le traitement des donn\u00e9es sont tenus de respecter la confidentialit\u00e9 de vos donn\u00e9es.<\/span><\/p><p><b>Partage de donn\u00e9es avec des tiers<\/b><b><br \/><\/b><span style=\"font-weight: 400;\">Les informations ne sont pas communiqu\u00e9es \u00e0 des tiers. Dans certains cas, les informations peuvent \u00eatre partag\u00e9es en interne. Nos employ\u00e9s sont tenus de respecter la confidentialit\u00e9 de vos donn\u00e9es.<\/span><span style=\"font-weight: 400;\"><br \/><\/span><span style=\"font-weight: 400;\">In specifieke situaties kan het delen van gegevens nodig zijn, bijvoorbeeld met gerechtelijke of politiediensten, of voor administratieve verplichtingen.<\/span><\/p><p><b>Modifications<\/b><b><br \/><\/b><span style=\"font-weight: 400;\">La pr\u00e9sente d\u00e9claration de confidentialit\u00e9 est adapt\u00e9e \u00e0 l'utilisation et aux fonctionnalit\u00e9s de ce site. Toute adaptation et\/ou modification de ce site peut entra\u00eener des changements dans la pr\u00e9sente d\u00e9claration de confidentialit\u00e9. Il est donc conseill\u00e9 de consulter r\u00e9guli\u00e8rement cette d\u00e9claration de confidentialit\u00e9.<\/span><\/p><p><b>Choix pour les donn\u00e9es personnelles<\/b><b><br \/><\/b><span style=\"font-weight: 400;\">Nous offrons \u00e0 tous les visiteurs la possibilit\u00e9 de consulter, de modifier ou de supprimer toute information personnelle qui nous a \u00e9t\u00e9 communiqu\u00e9e.<\/span><\/p><p><b>Personnaliser\/d\u00e9sabonner le service de newsletter<\/b><b><br \/><\/b><span style=\"font-weight: 400;\">Au bas de chaque (e)mailing, vous trouverez l'option de modifier vos donn\u00e9es ou de vous d\u00e9sinscrire.<\/span><\/p><p><b>Ajuster\/d\u00e9sabonner la communication<\/b><b><br \/><\/b><span style=\"font-weight: 400;\">Si vous souhaitez modifier vos donn\u00e9es ou vous faire radier de nos fichiers, veuillez nous contacter via notre formulaire de contact.<\/span><\/p><p><b>Questions et feedback<\/b><b><br \/><\/b><span style=\"font-weight: 400;\">Nous v\u00e9rifions r\u00e9guli\u00e8rement notre conformit\u00e9 avec cette politique de confidentialit\u00e9. Si vous avez des questions concernant cette politique de confidentialit\u00e9, veuillez nous contacter en utilisant notre formulaire de contact. <\/span><\/p>\t\t\t\t\t\t<\/div>\n\t\t\t\t<\/div>\n\t\t\t\t\t<\/div>\n\t\t<\/div>\n\t\t\t\t\t<\/div>\n\t\t<\/section>\n\t\t\t\t<section class=\"elementor-section elementor-top-section elementor-element elementor-element-ba6648e elementor-section-boxed elementor-section-height-default elementor-section-height-default jltma-glass-effect-no\" data-id=\"ba6648e\" data-element_type=\"section\">\n\t\t\t\t\t\t<div class=\"elementor-container elementor-column-gap-default\">\n\t\t\t\t\t<div class=\"elementor-column elementor-col-100 elementor-top-column elementor-element elementor-element-c052438 sc_layouts_column_icons_position_left jltma-glass-effect-no\" data-id=\"c052438\" data-element_type=\"column\">\n\t\t\t<div class=\"elementor-widget-wrap elementor-element-populated\">\n\t\t\t\t\t\t<div class=\"elementor-element elementor-element-0cd16d3 jltma-glass-effect-no elementor-widget elementor-widget-ucaddon_custom_cursor\" data-id=\"0cd16d3\" data-element_type=\"widget\" data-widget_type=\"ucaddon_custom_cursor.default\">\n\t\t\t\t<div class=\"elementor-widget-container\">\n\t\t\t\n<!-- start Custom Cursor -->\n\t\t<link id='font-awesome-css' href='https:\/\/www.orioncenter.be\/wp-content\/plugins\/unlimited-elements-for-elementor\/assets_libraries\/font-awesome6\/fontawesome-all.min.css' type='text\/css' rel='stylesheet' >\n\t\t<link id='font-awesome-4-shim-css' href='https:\/\/www.orioncenter.be\/wp-content\/plugins\/unlimited-elements-for-elementor\/assets_libraries\/font-awesome6\/fontawesome-v4-shims.min.css' type='text\/css' rel='stylesheet' >\n\n<style>\/* widget: Custom Cursor *\/\n\n#uc_custom_cursor_elementor_0cd16d3{\n  min-height: 1px;\n}\n\n#uc_custom_cursor_elementor_0cd16d3 .ue-message{\n  padding: 10px;\n  border: 1px solid grey;\n  background-color: lightgrey;\n  border-radius: 5px;\n  font-size: 12px;\n}\n\n\/* should be written without #uc_custom_cursor_elementor_0cd16d3 *\/\n.uc-mscursor-hidden{\n  display:none !important;\n}\n\n\/* cursor 2: custom cursor *\/\n  #uc_custom_cursor_elementor_0cd16d3 .ue_cursor {\n    pointer-events: none;\n    opacity:1;\n    transition: all 300ms ease;\n  }\n\n  #uc_custom_cursor_elementor_0cd16d3 .ue_cursor.cursor-inactive {\n    opacity:0;\n  }\n\n  #uc_custom_cursor_elementor_0cd16d3 .cursor__ball {\n    display:flex;\n    position: fixed;\n    top: 0;\n    left: 0;\n    z-index: 1000;\n    pointer-events:none;\n    transform: matrix(1, 0, 0, 1, -100, -100);\n  }\n\n  #uc_custom_cursor_elementor_0cd16d3 .cursor__ball--small{\n    display:flex;\n    align-items:center;\n    justify-content:center;\n  }\n\n  #uc_custom_cursor_elementor_0cd16d3 .cursor__ball--small-inner{\n    display:flex;\n    align-items:center;\n    justify-content:center;\n  }\n\n      #uc_custom_cursor_elementor_0cd16d3 .cursor__ball--small svg{\n       width:1em;\n       height:1em;\n    }\n  \n  \n  \n   \n    body {\n      cursor: none;\n    }\n  \n\n\/* attention grabber  *\/\n\/* end attention grabber *\/\n\/* end cursor 2: custom cursor *\/\n\n<\/style>\n\n<div id=\"uc_custom_cursor_elementor_0cd16d3\" class=\"ue_cursor-wrap\" data-cursor=\"cursor-2\">\n  \n    \n  \n      <div class=\"ue_cursor ue_cursor-item ue_cursor-item--2\">\n            <div class=\"cursor__ball cursor__ball--small\">\n        <div class=\"cursor__ball--small-inner ue-floating-chat-blink\">\n          <div class=\"ue_cursor_icon\"><svg xmlns=\"http:\/\/www.w3.org\/2000\/svg\" xmlns:xlink=\"http:\/\/www.w3.org\/1999\/xlink\" height=\"800px\" width=\"800px\" id=\"Layer_1\" viewbox=\"0 0 512 512\" xml:space=\"preserve\">  <g>\t<path style=\"fill:#85878D;\" d=\"M256,473.043c-119.679,0-217.043-97.365-217.043-217.043S136.321,38.957,256,38.957  S473.043,136.321,473.043,256S375.679,473.043,256,473.043z M256,72.348C154.734,72.348,72.348,154.734,72.348,256  S154.734,439.652,256,439.652S439.652,357.266,439.652,256S357.266,72.348,256,72.348z\"><\/path>\t<path style=\"fill:#85878D;\" d=\"M256,406.261c-82.853,0-150.261-67.408-150.261-150.261S173.147,105.739,256,105.739  S406.261,173.147,406.261,256S338.853,406.261,256,406.261z M256,139.13c-64.441,0-116.87,52.429-116.87,116.87  S191.559,372.87,256,372.87S372.87,320.441,372.87,256S320.441,139.13,256,139.13z\"><\/path><\/g>  <g>\t<path style=\"fill:#7E7F85;\" d=\"M439.652,256c0,101.266-82.386,183.652-183.652,183.652v33.391  c119.679,0,217.043-97.365,217.043-217.043S375.679,38.957,256,38.957v33.391C357.266,72.348,439.652,154.734,439.652,256z\"><\/path>\t<path style=\"fill:#7E7F85;\" d=\"M372.87,256c0,64.441-52.429,116.87-116.87,116.87v33.391c82.853,0,150.261-67.408,150.261-150.261  S338.853,105.739,256,105.739v33.391C320.441,139.13,372.87,191.559,372.87,256z\"><\/path><\/g>  <path style=\"fill:#696B6F;\" d=\"M155.826,272.696H16.696C7.473,272.696,0,265.223,0,256s7.473-16.696,16.696-16.696h139.13 c9.223,0,16.696,7.473,16.696,16.696S165.049,272.696,155.826,272.696z\"><\/path>  <path style=\"fill:#616267;\" d=\"M495.304,272.696h-139.13c-9.223,0-16.696-7.473-16.696-16.696s7.473-16.696,16.696-16.696h139.13 c9.217,0,16.696,7.473,16.696,16.696S504.521,272.696,495.304,272.696z\"><\/path>  <path style=\"fill:#696B6F;\" d=\"M256,512c-9.223,0-16.696-7.473-16.696-16.696v-139.13c0-9.223,7.473-16.696,16.696-16.696 s16.696,7.473,16.696,16.696v139.13C272.696,504.527,265.223,512,256,512z\"><\/path>  <path style=\"fill:#616267;\" d=\"M272.696,495.304v-139.13c0-9.223-7.473-16.696-16.696-16.696V512 C265.223,512,272.696,504.527,272.696,495.304z\"><\/path>  <path style=\"fill:#696B6F;\" d=\"M256,172.522c-9.223,0-16.696-7.473-16.696-16.696V16.696C239.304,7.473,246.777,0,256,0 s16.696,7.473,16.696,16.696v139.13C272.696,165.049,265.223,172.522,256,172.522z\"><\/path>  <path style=\"fill:#616267;\" d=\"M272.696,155.826V16.696C272.696,7.473,265.223,0,256,0v172.522 C265.223,172.522,272.696,165.049,272.696,155.826z\"><\/path>  <path style=\"fill:#FF5F4A;\" d=\"M256,306.087c-27.619,0-50.087-22.468-50.087-50.087s22.468-50.087,50.087-50.087 s50.087,22.468,50.087,50.087S283.619,306.087,256,306.087z\"><\/path>  <path style=\"fill:#D8482B;\" d=\"M256.927,206.007v99.987c27.184-0.509,49.16-22.692,49.16-49.993S284.111,206.515,256.927,206.007z\"><\/path><\/svg><\/div>                          \t<\/div>\n        <\/div>\n    <\/div>\n  <\/div>\n<!-- end Custom Cursor -->\t\t<\/div>\n\t\t\t\t<\/div>\n\t\t\t\t\t<\/div>\n\t\t<\/div>\n\t\t\t\t\t<\/div>\n\t\t<\/section>\n\t\t\t\t<\/div>","protected":false},"excerpt":{"rendered":"<p>Privacy beleid Privacybeleid van Orion Center VZW Laatste update: 16\/01\/2025Wij zijn er van bewust dat u vertrouwen stelt in ons. Wij zien het&hellip;<\/p>","protected":false},"author":2,"featured_media":0,"parent":0,"menu_order":0,"comment_status":"closed","ping_status":"closed","template":"","meta":{"iawp_total_views":49,"footnotes":""},"class_list":["post-7763","page","type-page","status-publish","hentry"],"yoast_head":"<!-- This site is optimized with the Yoast SEO Premium plugin v26.0 (Yoast SEO v26.0) - https:\/\/yoast.com\/wordpress\/plugins\/seo\/ -->\n<title>Privacybeleid en GDPR-naleving: Veiligheid voor u in de EU - Orion Center<\/title>\n<meta name=\"description\" content=\"Ontdek ons privacybeleid en hoe wij uw privacy beschermen. Lees meer over GDPR-compliance en de impact op uw gebruikservaring.\" \/>\n<meta name=\"robots\" content=\"index, follow, max-snippet:-1, max-image-preview:large, max-video-preview:-1\" \/>\n<link rel=\"canonical\" href=\"https:\/\/www.orioncenter.be\/fr_be\/privacy-beleid\/\" \/>\n<meta property=\"og:locale\" content=\"fr_FR\" \/>\n<meta property=\"og:type\" content=\"article\" \/>\n<meta property=\"og:title\" content=\"Privacy beleid\" \/>\n<meta property=\"og:description\" content=\"Ontdek ons privacybeleid en hoe wij uw privacy beschermen. Lees meer over GDPR-compliance en de impact op uw gebruikservaring.\" \/>\n<meta property=\"og:url\" content=\"https:\/\/www.orioncenter.be\/fr_be\/privacy-beleid\/\" \/>\n<meta property=\"og:site_name\" content=\"Orion Center\" \/>\n<meta property=\"article:publisher\" content=\"https:\/\/www.facebook.com\/profile.php?id=61567727466888\" \/>\n<meta property=\"article:modified_time\" content=\"2025-09-20T20:50:53+00:00\" \/>\n<meta name=\"twitter:card\" content=\"summary_large_image\" \/>\n<meta name=\"twitter:label1\" content=\"Dur\u00e9e de lecture est.\" \/>\n\t<meta name=\"twitter:data1\" content=\"4 minutes\" \/>\n<script type=\"application\/ld+json\" class=\"yoast-schema-graph\">{\"@context\":\"https:\/\/schema.org\",\"@graph\":[{\"@type\":\"WebPage\",\"@id\":\"https:\/\/www.orioncenter.be\/privacy-beleid\/\",\"url\":\"https:\/\/www.orioncenter.be\/privacy-beleid\/\",\"name\":\"Privacybeleid en GDPR-naleving: Veiligheid voor u in de EU - Orion Center\",\"isPartOf\":{\"@id\":\"https:\/\/www.orioncenter.be\/#website\"},\"datePublished\":\"2025-01-16T09:37:22+00:00\",\"dateModified\":\"2025-09-20T20:50:53+00:00\",\"description\":\"Ontdek ons privacybeleid en hoe wij uw privacy beschermen. Lees meer over GDPR-compliance en de impact op uw gebruikservaring.\",\"breadcrumb\":{\"@id\":\"https:\/\/www.orioncenter.be\/privacy-beleid\/#breadcrumb\"},\"inLanguage\":\"fr-BE\",\"potentialAction\":[{\"@type\":\"ReadAction\",\"target\":[\"https:\/\/www.orioncenter.be\/privacy-beleid\/\"]}]},{\"@type\":\"BreadcrumbList\",\"@id\":\"https:\/\/www.orioncenter.be\/privacy-beleid\/#breadcrumb\",\"itemListElement\":[{\"@type\":\"ListItem\",\"position\":1,\"name\":\"Home\",\"item\":\"https:\/\/www.orioncenter.be\/\"},{\"@type\":\"ListItem\",\"position\":2,\"name\":\"Privacy beleid\"}]},{\"@type\":\"WebSite\",\"@id\":\"https:\/\/www.orioncenter.be\/#website\",\"url\":\"https:\/\/www.orioncenter.be\/\",\"name\":\"Orioncenter.be\",\"description\":\"Belgium's premier shooting range\",\"publisher\":{\"@id\":\"https:\/\/www.orioncenter.be\/#organization\"},\"alternateName\":\"Orion Training Center\",\"potentialAction\":[{\"@type\":\"SearchAction\",\"target\":{\"@type\":\"EntryPoint\",\"urlTemplate\":\"https:\/\/www.orioncenter.be\/?s={search_term_string}\"},\"query-input\":{\"@type\":\"PropertyValueSpecification\",\"valueRequired\":true,\"valueName\":\"search_term_string\"}}],\"inLanguage\":\"fr-BE\"},{\"@type\":\"Organization\",\"@id\":\"https:\/\/www.orioncenter.be\/#organization\",\"name\":\"Orion Training Center\",\"alternateName\":\"Orion Training Center\",\"url\":\"https:\/\/www.orioncenter.be\/\",\"logo\":{\"@type\":\"ImageObject\",\"inLanguage\":\"fr-BE\",\"@id\":\"https:\/\/www.orioncenter.be\/#\/schema\/logo\/image\/\",\"url\":\"https:\/\/www.orioncenter.be\/wp-content\/uploads\/2024\/11\/Logo-website-2024-transparant-metal.png\",\"contentUrl\":\"https:\/\/www.orioncenter.be\/wp-content\/uploads\/2024\/11\/Logo-website-2024-transparant-metal.png\",\"width\":1875,\"height\":625,\"caption\":\"Orion Training Center\"},\"image\":{\"@id\":\"https:\/\/www.orioncenter.be\/#\/schema\/logo\/image\/\"},\"sameAs\":[\"https:\/\/www.facebook.com\/profile.php?id=61567727466888\",\"https:\/\/www.youtube.com\/channel\/UCSOma6ruzcdrtKz72WYeTVQ\",\"https:\/\/www.instagram.com\/oriontrainingcenter_belgium?igsh=OTdwdHc5M2tuNTl4&utm_source=qr\"]}]}<\/script>\n<!-- \/ Yoast SEO Premium plugin. -->","yoast_head_json":{"title":"Privacybeleid en GDPR-naleving: Veiligheid voor u in de EU - Orion Center","description":"Ontdek ons privacybeleid en hoe wij uw privacy beschermen. Lees meer over GDPR-compliance en de impact op uw gebruikservaring.","robots":{"index":"index","follow":"follow","max-snippet":"max-snippet:-1","max-image-preview":"max-image-preview:large","max-video-preview":"max-video-preview:-1"},"canonical":"https:\/\/www.orioncenter.be\/fr_be\/privacy-beleid\/","og_locale":"fr_FR","og_type":"article","og_title":"Privacy beleid","og_description":"Ontdek ons privacybeleid en hoe wij uw privacy beschermen. Lees meer over GDPR-compliance en de impact op uw gebruikservaring.","og_url":"https:\/\/www.orioncenter.be\/fr_be\/privacy-beleid\/","og_site_name":"Orion Center","article_publisher":"https:\/\/www.facebook.com\/profile.php?id=61567727466888","article_modified_time":"2025-09-20T20:50:53+00:00","twitter_card":"summary_large_image","twitter_misc":{"Dur\u00e9e de lecture est.":"4 minutes"},"schema":{"@context":"https:\/\/schema.org","@graph":[{"@type":"WebPage","@id":"https:\/\/www.orioncenter.be\/privacy-beleid\/","url":"https:\/\/www.orioncenter.be\/privacy-beleid\/","name":"Privacybeleid en GDPR-naleving: Veiligheid voor u in de EU - Orion Center","isPartOf":{"@id":"https:\/\/www.orioncenter.be\/#website"},"datePublished":"2025-01-16T09:37:22+00:00","dateModified":"2025-09-20T20:50:53+00:00","description":"Ontdek ons privacybeleid en hoe wij uw privacy beschermen. Lees meer over GDPR-compliance en de impact op uw gebruikservaring.","breadcrumb":{"@id":"https:\/\/www.orioncenter.be\/privacy-beleid\/#breadcrumb"},"inLanguage":"fr-BE","potentialAction":[{"@type":"ReadAction","target":["https:\/\/www.orioncenter.be\/privacy-beleid\/"]}]},{"@type":"BreadcrumbList","@id":"https:\/\/www.orioncenter.be\/privacy-beleid\/#breadcrumb","itemListElement":[{"@type":"ListItem","position":1,"name":"Home","item":"https:\/\/www.orioncenter.be\/"},{"@type":"ListItem","position":2,"name":"Privacy beleid"}]},{"@type":"WebSite","@id":"https:\/\/www.orioncenter.be\/#website","url":"https:\/\/www.orioncenter.be\/","name":"Orioncenter.be","description":"Belgium's premier shooting range","publisher":{"@id":"https:\/\/www.orioncenter.be\/#organization"},"alternateName":"Orion Training Center","potentialAction":[{"@type":"SearchAction","target":{"@type":"EntryPoint","urlTemplate":"https:\/\/www.orioncenter.be\/?s={search_term_string}"},"query-input":{"@type":"PropertyValueSpecification","valueRequired":true,"valueName":"search_term_string"}}],"inLanguage":"fr-BE"},{"@type":"Organization","@id":"https:\/\/www.orioncenter.be\/#organization","name":"Centre de formation Orion","alternateName":"Orion Training Center","url":"https:\/\/www.orioncenter.be\/","logo":{"@type":"ImageObject","inLanguage":"fr-BE","@id":"https:\/\/www.orioncenter.be\/#\/schema\/logo\/image\/","url":"https:\/\/www.orioncenter.be\/wp-content\/uploads\/2024\/11\/Logo-website-2024-transparant-metal.png","contentUrl":"https:\/\/www.orioncenter.be\/wp-content\/uploads\/2024\/11\/Logo-website-2024-transparant-metal.png","width":1875,"height":625,"caption":"Orion Training Center"},"image":{"@id":"https:\/\/www.orioncenter.be\/#\/schema\/logo\/image\/"},"sameAs":["https:\/\/www.facebook.com\/profile.php?id=61567727466888","https:\/\/www.youtube.com\/channel\/UCSOma6ruzcdrtKz72WYeTVQ","https:\/\/www.instagram.com\/oriontrainingcenter_belgium?igsh=OTdwdHc5M2tuNTl4&utm_source=qr"]}]}},"_links":{"self":[{"href":"https:\/\/www.orioncenter.be\/fr_be\/wp-json\/wp\/v2\/pages\/7763","targetHints":{"allow":["GET"]}}],"collection":[{"href":"https:\/\/www.orioncenter.be\/fr_be\/wp-json\/wp\/v2\/pages"}],"about":[{"href":"https:\/\/www.orioncenter.be\/fr_be\/wp-json\/wp\/v2\/types\/page"}],"author":[{"embeddable":true,"href":"https:\/\/www.orioncenter.be\/fr_be\/wp-json\/wp\/v2\/users\/2"}],"replies":[{"embeddable":true,"href":"https:\/\/www.orioncenter.be\/fr_be\/wp-json\/wp\/v2\/comments?post=7763"}],"version-history":[{"count":14,"href":"https:\/\/www.orioncenter.be\/fr_be\/wp-json\/wp\/v2\/pages\/7763\/revisions"}],"predecessor-version":[{"id":8502,"href":"https:\/\/www.orioncenter.be\/fr_be\/wp-json\/wp\/v2\/pages\/7763\/revisions\/8502"}],"wp:attachment":[{"href":"https:\/\/www.orioncenter.be\/fr_be\/wp-json\/wp\/v2\/media?parent=7763"}],"curies":[{"name":"wp","href":"https:\/\/api.w.org\/{rel}","templated":true}]}}