{"id":7751,"date":"2025-01-16T09:12:37","date_gmt":"2025-01-16T09:12:37","guid":{"rendered":"https:\/\/www.orioncenter.be\/?page_id=7751"},"modified":"2025-09-20T20:44:31","modified_gmt":"2025-09-20T20:44:31","slug":"cookies","status":"publish","type":"page","link":"https:\/\/www.orioncenter.be\/fr_be\/cookies\/","title":{"rendered":"Cookies"},"content":{"rendered":"<div data-elementor-type=\"wp-page\" data-elementor-id=\"7751\" class=\"elementor elementor-7751\" data-elementor-post-type=\"page\">\n\t\t\t\t\t\t<section class=\"elementor-section elementor-top-section elementor-element elementor-element-cd707b6 elementor-section-boxed elementor-section-height-default elementor-section-height-default jltma-glass-effect-no\" data-id=\"cd707b6\" data-element_type=\"section\">\n\t\t\t\t\t\t<div class=\"elementor-container elementor-column-gap-default\">\n\t\t\t\t\t<div class=\"elementor-column elementor-col-100 elementor-top-column elementor-element elementor-element-7789566 sc_layouts_column_icons_position_left jltma-glass-effect-no\" data-id=\"7789566\" data-element_type=\"column\">\n\t\t\t<div class=\"elementor-widget-wrap\">\n\t\t\t\t\t\t\t<\/div>\n\t\t<\/div>\n\t\t\t\t\t<\/div>\n\t\t<\/section>\n\t\t\t\t<section class=\"elementor-section elementor-top-section elementor-element elementor-element-25ae19b6 elementor-section-height-min-height elementor-section-boxed elementor-section-height-default elementor-section-items-middle jltma-glass-effect-no\" data-id=\"25ae19b6\" data-element_type=\"section\" data-settings=\"{&quot;background_background&quot;:&quot;classic&quot;}\">\n\t\t\t\t\t\t\t<div class=\"elementor-background-overlay\"><\/div>\n\t\t\t\t\t\t\t<div class=\"elementor-container elementor-column-gap-default\">\n\t\t\t\t\t<div class=\"elementor-column elementor-col-100 elementor-top-column elementor-element elementor-element-5e94bda2 sc_layouts_column_icons_position_left jltma-glass-effect-no\" data-id=\"5e94bda2\" data-element_type=\"column\">\n\t\t\t<div class=\"elementor-widget-wrap elementor-element-populated\">\n\t\t\t\t\t\t<div class=\"elementor-element elementor-element-1e2df5c8 elementor-icon-list--layout-inline elementor-tablet-align-center elementor-align-center elementor-mobile-align-center elementor-list-item-link-full_width jltma-glass-effect-no elementor-widget elementor-widget-icon-list\" data-id=\"1e2df5c8\" data-element_type=\"widget\" data-widget_type=\"icon-list.default\">\n\t\t\t\t<div class=\"elementor-widget-container\">\n\t\t\t\t\t<ul class=\"elementor-icon-list-items elementor-inline-items\">\n\t\t\t\t\t\t\t<li class=\"elementor-icon-list-item elementor-inline-item\">\n\t\t\t\t\t\t\t\t\t\t\t<a href=\"#\">\n\n\t\t\t\t\t\t\t\t\t\t\t<span class=\"elementor-icon-list-text\">Cookiebeleid<\/span>\n\t\t\t\t\t\t\t\t\t\t\t<\/a>\n\t\t\t\t\t\t\t\t\t<\/li>\n\t\t\t\t\t\t<\/ul>\n\t\t\t\t<\/div>\n\t\t\t\t<\/div>\n\t\t\t\t\t<\/div>\n\t\t<\/div>\n\t\t\t\t\t<\/div>\n\t\t<\/section>\n\t\t\t\t<section class=\"elementor-section elementor-top-section elementor-element elementor-element-b6abed6 elementor-section-boxed elementor-section-height-default elementor-section-height-default jltma-glass-effect-no\" data-id=\"b6abed6\" data-element_type=\"section\">\n\t\t\t\t\t\t<div class=\"elementor-container elementor-column-gap-default\">\n\t\t\t\t\t<div class=\"elementor-column elementor-col-100 elementor-top-column elementor-element elementor-element-5cd54a9 sc_layouts_column_icons_position_left jltma-glass-effect-no\" data-id=\"5cd54a9\" data-element_type=\"column\">\n\t\t\t<div class=\"elementor-widget-wrap elementor-element-populated\">\n\t\t\t\t\t\t<div class=\"elementor-element elementor-element-24a1c97 jltma-glass-effect-no elementor-widget elementor-widget-text-editor\" data-id=\"24a1c97\" data-element_type=\"widget\" data-widget_type=\"text-editor.default\">\n\t\t\t\t<div class=\"elementor-widget-container\">\n\t\t\t\t\t\t\t<p><b>Politique en mati\u00e8re de cookies de l'Orion Center VZW<\/b><\/p><p><b>Derni\u00e8re mise \u00e0 jour : 16\/01\/2025<\/b><\/p><p><span style=\"font-weight: 400;\">Orion Center VZW utilise des cookies et des technologies similaires sur son site web. Cette politique en mati\u00e8re de cookies explique ce que sont les cookies, les types de cookies que nous utilisons, pourquoi nous les utilisons et comment g\u00e9rer vos pr\u00e9f\u00e9rences en mati\u00e8re de cookies.<\/span><\/p><p><b>Qu'est-ce qu'un biscuit ?<\/b><b><br \/><\/b><span style=\"font-weight: 400;\">Les cookies sont de petits fichiers texte qui sont plac\u00e9s sur votre ordinateur, votre tablette ou votre smartphone lorsque vous visitez notre site web. Ils nous aident \u00e0 am\u00e9liorer votre exp\u00e9rience utilisateur en collectant des informations sur vos pr\u00e9f\u00e9rences et vos habitudes de navigation.<\/span><\/p><p><b>Quels types de cookies utilisons-nous ?<\/b><\/p><ol><li style=\"font-weight: 400;\" aria-level=\"1\"><b>Cookies n\u00e9cessaires<\/b><b><br \/><\/b><span style=\"font-weight: 400;\">Ces cookies sont essentiels au fonctionnement de notre site web. Sans ces cookies, certaines fonctionnalit\u00e9s peuvent ne pas fonctionner correctement.<\/span><\/li><li style=\"font-weight: 400;\" aria-level=\"1\"><b>Cookies fonctionnels<\/b><b><br \/><\/b><span style=\"font-weight: 400;\">Ces cookies m\u00e9morisent vos pr\u00e9f\u00e9rences, telles que les param\u00e8tres linguistiques ou les donn\u00e9es de connexion, afin de vous offrir une exp\u00e9rience personnalis\u00e9e.<\/span><\/li><li style=\"font-weight: 400;\" aria-level=\"1\"><b>Cookies analytiques<\/b><b><br \/><\/b><span style=\"font-weight: 400;\">Nous utilisons Independent Analytics pour collecter et analyser des statistiques sur les visiteurs de notre site web. Cet outil nous donne un aper\u00e7u de l'utilisation de notre site web sans utiliser de cookies. <\/span><b>Cela signifie que vos donn\u00e9es ne sont pas stock\u00e9es dans des cookies ou suivies par votre navigateur.<\/b><\/li><li style=\"font-weight: 400;\" aria-level=\"1\"><b>Cookies publicitaires et de suivi<\/b><b><br \/><\/b><span style=\"font-weight: 400;\">Ces cookies sont utilis\u00e9s pour afficher des publicit\u00e9s personnalis\u00e9es et suivre votre comportement de navigation, \u00e0 la fois sur notre site web et en dehors. <\/span><b>Actuellement, l'ASBL Orion Center n'utilise pas ces cookies.<\/b><\/li><\/ol><p><b>Pourquoi utilisons-nous des cookies ?<\/b><b><br \/><\/b><span style=\"font-weight: 400;\">Nous utilisons des cookies pour :<\/span><\/p><ul><li style=\"font-weight: 400;\" aria-level=\"1\"><span style=\"font-weight: 400;\">Am\u00e9liorer la fonctionnalit\u00e9 et les performances de notre site web.<\/span><\/li><li style=\"font-weight: 400;\" aria-level=\"1\"><span style=\"font-weight: 400;\">Personnaliser votre exp\u00e9rience d'utilisateur.<\/span><\/li><\/ul><p><b>Autorisation d'utiliser des cookies<\/b><b><br \/><\/b><span style=\"font-weight: 400;\">Lors de votre premi\u00e8re visite sur notre site web, vous recevrez un message expliquant les cookies. Vous pouvez alors d\u00e9finir vos pr\u00e9f\u00e9rences ou accepter tous les cookies. Pour les cookies non essentiels, nous vous demandons explicitement votre autorisation.<\/span><\/p><p><b>Comment pouvez-vous g\u00e9rer ou supprimer les cookies ?<\/b><b><br \/><\/b><span style=\"font-weight: 400;\">Vous pouvez toujours g\u00e9rer ou supprimer les cookies via les param\u00e8tres de votre navigateur. Veuillez noter que la d\u00e9sactivation de certains cookies peut affecter la fonctionnalit\u00e9 du site web.<\/span><\/p><p><span style=\"font-weight: 400;\">Voici quelques liens vers des instructions pour les navigateurs les plus courants :<\/span><\/p><ul><li style=\"font-weight: 400;\" aria-level=\"1\"><a href=\"https:\/\/support.google.com\/chrome\/answer\/95647?hl=nl&amp;co=GENIE.Platform%3DDesktop\"><span style=\"font-weight: 400;\">Google Chrome<\/span><\/a><\/li><li style=\"font-weight: 400;\" aria-level=\"1\"><a href=\"https:\/\/support.mozilla.org\/nl\/kb\/cookies-verwijderen-gegevens-wissen-websites-opgeslagen\"><span style=\"font-weight: 400;\">Mozilla Firefox<\/span><\/a><\/li><li style=\"font-weight: 400;\" aria-level=\"1\"><a href=\"https:\/\/support.microsoft.com\/nl-nl\/microsoft-edge\/verwijder-cookies-in-microsoft-edge-63947406-40ac-c3b8-57b9-2a946a29ae09\"><span style=\"font-weight: 400;\">Microsoft Edge<\/span><\/a><\/li><li style=\"font-weight: 400;\" aria-level=\"1\"><a href=\"https:\/\/support.apple.com\/nl-nl\/guide\/safari\/sfri11471\/mac\"><span style=\"font-weight: 400;\">Safari<\/span><\/a><\/li><\/ul><p><b>Cookies de tiers<\/b><b><br \/><\/b><span style=\"font-weight: 400;\">Notre site web peut contenir des contenus de tiers, tels que des vid\u00e9os ou des boutons de m\u00e9dias sociaux. Ces tiers peuvent installer des cookies sur lesquels nous n'avons aucun contr\u00f4le.<\/span><\/p><p><b>Modifications de notre politique en mati\u00e8re de cookies<\/b><b><br \/><\/b><span style=\"font-weight: 400;\">Nous nous r\u00e9servons le droit de modifier cette politique en mati\u00e8re de cookies \u00e0 tout moment. Veuillez consulter r\u00e9guli\u00e8rement cette page pour prendre connaissance des \u00e9ventuelles mises \u00e0 jour.<\/span><\/p><p><b>Contact<\/b><b><br \/><\/b><span style=\"font-weight: 400;\">Pour toute question ou commentaire sur notre politique en mati\u00e8re de cookies, veuillez nous contacter via notre formulaire de contact.\u00a0<\/span><\/p><p>\u00a0<\/p>\t\t\t\t\t\t<\/div>\n\t\t\t\t<\/div>\n\t\t\t\t\t<\/div>\n\t\t<\/div>\n\t\t\t\t\t<\/div>\n\t\t<\/section>\n\t\t\t\t<section class=\"elementor-section elementor-top-section elementor-element elementor-element-5af16c5 elementor-section-boxed elementor-section-height-default elementor-section-height-default jltma-glass-effect-no\" data-id=\"5af16c5\" data-element_type=\"section\">\n\t\t\t\t\t\t<div class=\"elementor-container elementor-column-gap-default\">\n\t\t\t\t\t<div class=\"elementor-column elementor-col-100 elementor-top-column elementor-element elementor-element-d5a8d7b sc_layouts_column_icons_position_left jltma-glass-effect-no\" data-id=\"d5a8d7b\" data-element_type=\"column\">\n\t\t\t<div class=\"elementor-widget-wrap elementor-element-populated\">\n\t\t\t\t\t\t<div class=\"elementor-element elementor-element-3bc4b35 jltma-glass-effect-no elementor-widget elementor-widget-ucaddon_custom_cursor\" data-id=\"3bc4b35\" data-element_type=\"widget\" data-widget_type=\"ucaddon_custom_cursor.default\">\n\t\t\t\t<div class=\"elementor-widget-container\">\n\t\t\t\n<!-- start Custom Cursor -->\n\t\t<link id='font-awesome-css' href='https:\/\/www.orioncenter.be\/wp-content\/plugins\/unlimited-elements-for-elementor\/assets_libraries\/font-awesome6\/fontawesome-all.min.css' type='text\/css' rel='stylesheet' >\n\t\t<link id='font-awesome-4-shim-css' href='https:\/\/www.orioncenter.be\/wp-content\/plugins\/unlimited-elements-for-elementor\/assets_libraries\/font-awesome6\/fontawesome-v4-shims.min.css' type='text\/css' rel='stylesheet' >\n\n<style>\/* widget: Custom Cursor *\/\n\n#uc_custom_cursor_elementor_3bc4b35{\n  min-height: 1px;\n}\n\n#uc_custom_cursor_elementor_3bc4b35 .ue-message{\n  padding: 10px;\n  border: 1px solid grey;\n  background-color: lightgrey;\n  border-radius: 5px;\n  font-size: 12px;\n}\n\n\/* should be written without #uc_custom_cursor_elementor_3bc4b35 *\/\n.uc-mscursor-hidden{\n  display:none !important;\n}\n\n\/* cursor 2: custom cursor *\/\n  #uc_custom_cursor_elementor_3bc4b35 .ue_cursor {\n    pointer-events: none;\n    opacity:1;\n    transition: all 300ms ease;\n  }\n\n  #uc_custom_cursor_elementor_3bc4b35 .ue_cursor.cursor-inactive {\n    opacity:0;\n  }\n\n  #uc_custom_cursor_elementor_3bc4b35 .cursor__ball {\n    display:flex;\n    position: fixed;\n    top: 0;\n    left: 0;\n    z-index: 1000;\n    pointer-events:none;\n    transform: matrix(1, 0, 0, 1, -100, -100);\n  }\n\n  #uc_custom_cursor_elementor_3bc4b35 .cursor__ball--small{\n    display:flex;\n    align-items:center;\n    justify-content:center;\n  }\n\n  #uc_custom_cursor_elementor_3bc4b35 .cursor__ball--small-inner{\n    display:flex;\n    align-items:center;\n    justify-content:center;\n  }\n\n      #uc_custom_cursor_elementor_3bc4b35 .cursor__ball--small svg{\n       width:1em;\n       height:1em;\n    }\n  \n  \n  \n   \n    body {\n      cursor: none;\n    }\n  \n\n\/* attention grabber  *\/\n\/* end attention grabber *\/\n\/* end cursor 2: custom cursor *\/\n\n<\/style>\n\n<div id=\"uc_custom_cursor_elementor_3bc4b35\" class=\"ue_cursor-wrap\" data-cursor=\"cursor-2\">\n  \n    \n  \n      <div class=\"ue_cursor ue_cursor-item ue_cursor-item--2\">\n            <div class=\"cursor__ball cursor__ball--small\">\n        <div class=\"cursor__ball--small-inner ue-floating-chat-blink\">\n          <div class=\"ue_cursor_icon\"><svg xmlns=\"http:\/\/www.w3.org\/2000\/svg\" xmlns:xlink=\"http:\/\/www.w3.org\/1999\/xlink\" height=\"800px\" width=\"800px\" id=\"Layer_1\" viewbox=\"0 0 512 512\" xml:space=\"preserve\">  <g>\t<path style=\"fill:#85878D;\" d=\"M256,473.043c-119.679,0-217.043-97.365-217.043-217.043S136.321,38.957,256,38.957  S473.043,136.321,473.043,256S375.679,473.043,256,473.043z M256,72.348C154.734,72.348,72.348,154.734,72.348,256  S154.734,439.652,256,439.652S439.652,357.266,439.652,256S357.266,72.348,256,72.348z\"><\/path>\t<path style=\"fill:#85878D;\" d=\"M256,406.261c-82.853,0-150.261-67.408-150.261-150.261S173.147,105.739,256,105.739  S406.261,173.147,406.261,256S338.853,406.261,256,406.261z M256,139.13c-64.441,0-116.87,52.429-116.87,116.87  S191.559,372.87,256,372.87S372.87,320.441,372.87,256S320.441,139.13,256,139.13z\"><\/path><\/g>  <g>\t<path style=\"fill:#7E7F85;\" d=\"M439.652,256c0,101.266-82.386,183.652-183.652,183.652v33.391  c119.679,0,217.043-97.365,217.043-217.043S375.679,38.957,256,38.957v33.391C357.266,72.348,439.652,154.734,439.652,256z\"><\/path>\t<path style=\"fill:#7E7F85;\" d=\"M372.87,256c0,64.441-52.429,116.87-116.87,116.87v33.391c82.853,0,150.261-67.408,150.261-150.261  S338.853,105.739,256,105.739v33.391C320.441,139.13,372.87,191.559,372.87,256z\"><\/path><\/g>  <path style=\"fill:#696B6F;\" d=\"M155.826,272.696H16.696C7.473,272.696,0,265.223,0,256s7.473-16.696,16.696-16.696h139.13 c9.223,0,16.696,7.473,16.696,16.696S165.049,272.696,155.826,272.696z\"><\/path>  <path style=\"fill:#616267;\" d=\"M495.304,272.696h-139.13c-9.223,0-16.696-7.473-16.696-16.696s7.473-16.696,16.696-16.696h139.13 c9.217,0,16.696,7.473,16.696,16.696S504.521,272.696,495.304,272.696z\"><\/path>  <path style=\"fill:#696B6F;\" d=\"M256,512c-9.223,0-16.696-7.473-16.696-16.696v-139.13c0-9.223,7.473-16.696,16.696-16.696 s16.696,7.473,16.696,16.696v139.13C272.696,504.527,265.223,512,256,512z\"><\/path>  <path style=\"fill:#616267;\" d=\"M272.696,495.304v-139.13c0-9.223-7.473-16.696-16.696-16.696V512 C265.223,512,272.696,504.527,272.696,495.304z\"><\/path>  <path style=\"fill:#696B6F;\" d=\"M256,172.522c-9.223,0-16.696-7.473-16.696-16.696V16.696C239.304,7.473,246.777,0,256,0 s16.696,7.473,16.696,16.696v139.13C272.696,165.049,265.223,172.522,256,172.522z\"><\/path>  <path style=\"fill:#616267;\" d=\"M272.696,155.826V16.696C272.696,7.473,265.223,0,256,0v172.522 C265.223,172.522,272.696,165.049,272.696,155.826z\"><\/path>  <path style=\"fill:#FF5F4A;\" d=\"M256,306.087c-27.619,0-50.087-22.468-50.087-50.087s22.468-50.087,50.087-50.087 s50.087,22.468,50.087,50.087S283.619,306.087,256,306.087z\"><\/path>  <path style=\"fill:#D8482B;\" d=\"M256.927,206.007v99.987c27.184-0.509,49.16-22.692,49.16-49.993S284.111,206.515,256.927,206.007z\"><\/path><\/svg><\/div>                          \t<\/div>\n        <\/div>\n    <\/div>\n  <\/div>\n<!-- end Custom Cursor -->\t\t<\/div>\n\t\t\t\t<\/div>\n\t\t\t\t\t<\/div>\n\t\t<\/div>\n\t\t\t\t\t<\/div>\n\t\t<\/section>\n\t\t\t\t<\/div>","protected":false},"excerpt":{"rendered":"<p>Cookiebeleid Cookiebeleid van Orion Center VZW Laatste update: 16\/01\/2025 Orion Center VZW maakt gebruik van cookies en vergelijkbare technologie\u00ebn op haar website. Dit&hellip;<\/p>","protected":false},"author":2,"featured_media":0,"parent":0,"menu_order":0,"comment_status":"closed","ping_status":"closed","template":"","meta":{"iawp_total_views":56,"footnotes":""},"class_list":["post-7751","page","type-page","status-publish","hentry"],"yoast_head":"<!-- This site is optimized with the Yoast SEO Premium plugin v26.0 (Yoast SEO v26.0) - https:\/\/yoast.com\/wordpress\/plugins\/seo\/ -->\n<title>GDPR en Cookies: Wat elke websitebezoeker moet weten - Orion Center<\/title>\n<meta name=\"description\" content=\"Leer meer over de verschillende soorten cookies die we gebruiken op Orion Center VZW&#039;s website en hoe ze je surfervaring verbeteren.\" \/>\n<meta name=\"robots\" content=\"index, follow, max-snippet:-1, max-image-preview:large, max-video-preview:-1\" \/>\n<link rel=\"canonical\" href=\"https:\/\/www.orioncenter.be\/fr_be\/cookies\/\" \/>\n<meta property=\"og:locale\" content=\"fr_FR\" \/>\n<meta property=\"og:type\" content=\"article\" \/>\n<meta property=\"og:title\" content=\"Cookies\" \/>\n<meta property=\"og:description\" content=\"Leer meer over de verschillende soorten cookies die we gebruiken op Orion Center VZW&#039;s website en hoe ze je surfervaring verbeteren.\" \/>\n<meta property=\"og:url\" content=\"https:\/\/www.orioncenter.be\/fr_be\/cookies\/\" \/>\n<meta property=\"og:site_name\" content=\"Orion Center\" \/>\n<meta property=\"article:publisher\" content=\"https:\/\/www.facebook.com\/profile.php?id=61567727466888\" \/>\n<meta property=\"article:modified_time\" content=\"2025-09-20T20:44:31+00:00\" \/>\n<meta name=\"twitter:card\" content=\"summary_large_image\" \/>\n<meta name=\"twitter:label1\" content=\"Dur\u00e9e de lecture est.\" \/>\n\t<meta name=\"twitter:data1\" content=\"3 minutes\" \/>\n<script type=\"application\/ld+json\" class=\"yoast-schema-graph\">{\"@context\":\"https:\/\/schema.org\",\"@graph\":[{\"@type\":\"WebPage\",\"@id\":\"https:\/\/www.orioncenter.be\/cookies\/\",\"url\":\"https:\/\/www.orioncenter.be\/cookies\/\",\"name\":\"GDPR en Cookies: Wat elke websitebezoeker moet weten - Orion Center\",\"isPartOf\":{\"@id\":\"https:\/\/www.orioncenter.be\/#website\"},\"datePublished\":\"2025-01-16T09:12:37+00:00\",\"dateModified\":\"2025-09-20T20:44:31+00:00\",\"description\":\"Leer meer over de verschillende soorten cookies die we gebruiken op Orion Center VZW's website en hoe ze je surfervaring verbeteren.\",\"breadcrumb\":{\"@id\":\"https:\/\/www.orioncenter.be\/cookies\/#breadcrumb\"},\"inLanguage\":\"fr-BE\",\"potentialAction\":[{\"@type\":\"ReadAction\",\"target\":[\"https:\/\/www.orioncenter.be\/cookies\/\"]}]},{\"@type\":\"BreadcrumbList\",\"@id\":\"https:\/\/www.orioncenter.be\/cookies\/#breadcrumb\",\"itemListElement\":[{\"@type\":\"ListItem\",\"position\":1,\"name\":\"Home\",\"item\":\"https:\/\/www.orioncenter.be\/\"},{\"@type\":\"ListItem\",\"position\":2,\"name\":\"Cookies\"}]},{\"@type\":\"WebSite\",\"@id\":\"https:\/\/www.orioncenter.be\/#website\",\"url\":\"https:\/\/www.orioncenter.be\/\",\"name\":\"Orioncenter.be\",\"description\":\"Belgium's premier shooting range\",\"publisher\":{\"@id\":\"https:\/\/www.orioncenter.be\/#organization\"},\"alternateName\":\"Orion Training Center\",\"potentialAction\":[{\"@type\":\"SearchAction\",\"target\":{\"@type\":\"EntryPoint\",\"urlTemplate\":\"https:\/\/www.orioncenter.be\/?s={search_term_string}\"},\"query-input\":{\"@type\":\"PropertyValueSpecification\",\"valueRequired\":true,\"valueName\":\"search_term_string\"}}],\"inLanguage\":\"fr-BE\"},{\"@type\":\"Organization\",\"@id\":\"https:\/\/www.orioncenter.be\/#organization\",\"name\":\"Orion Training Center\",\"alternateName\":\"Orion Training Center\",\"url\":\"https:\/\/www.orioncenter.be\/\",\"logo\":{\"@type\":\"ImageObject\",\"inLanguage\":\"fr-BE\",\"@id\":\"https:\/\/www.orioncenter.be\/#\/schema\/logo\/image\/\",\"url\":\"https:\/\/www.orioncenter.be\/wp-content\/uploads\/2024\/11\/Logo-website-2024-transparant-metal.png\",\"contentUrl\":\"https:\/\/www.orioncenter.be\/wp-content\/uploads\/2024\/11\/Logo-website-2024-transparant-metal.png\",\"width\":1875,\"height\":625,\"caption\":\"Orion Training Center\"},\"image\":{\"@id\":\"https:\/\/www.orioncenter.be\/#\/schema\/logo\/image\/\"},\"sameAs\":[\"https:\/\/www.facebook.com\/profile.php?id=61567727466888\",\"https:\/\/www.youtube.com\/channel\/UCSOma6ruzcdrtKz72WYeTVQ\",\"https:\/\/www.instagram.com\/oriontrainingcenter_belgium?igsh=OTdwdHc5M2tuNTl4&utm_source=qr\"]}]}<\/script>\n<!-- \/ Yoast SEO Premium plugin. -->","yoast_head_json":{"title":"GDPR en Cookies: Wat elke websitebezoeker moet weten - Orion Center","description":"Leer meer over de verschillende soorten cookies die we gebruiken op Orion Center VZW's website en hoe ze je surfervaring verbeteren.","robots":{"index":"index","follow":"follow","max-snippet":"max-snippet:-1","max-image-preview":"max-image-preview:large","max-video-preview":"max-video-preview:-1"},"canonical":"https:\/\/www.orioncenter.be\/fr_be\/cookies\/","og_locale":"fr_FR","og_type":"article","og_title":"Cookies","og_description":"Leer meer over de verschillende soorten cookies die we gebruiken op Orion Center VZW's website en hoe ze je surfervaring verbeteren.","og_url":"https:\/\/www.orioncenter.be\/fr_be\/cookies\/","og_site_name":"Orion Center","article_publisher":"https:\/\/www.facebook.com\/profile.php?id=61567727466888","article_modified_time":"2025-09-20T20:44:31+00:00","twitter_card":"summary_large_image","twitter_misc":{"Dur\u00e9e de lecture est.":"3 minutes"},"schema":{"@context":"https:\/\/schema.org","@graph":[{"@type":"WebPage","@id":"https:\/\/www.orioncenter.be\/cookies\/","url":"https:\/\/www.orioncenter.be\/cookies\/","name":"GDPR en Cookies: Wat elke websitebezoeker moet weten - Orion Center","isPartOf":{"@id":"https:\/\/www.orioncenter.be\/#website"},"datePublished":"2025-01-16T09:12:37+00:00","dateModified":"2025-09-20T20:44:31+00:00","description":"Leer meer over de verschillende soorten cookies die we gebruiken op Orion Center VZW's website en hoe ze je surfervaring verbeteren.","breadcrumb":{"@id":"https:\/\/www.orioncenter.be\/cookies\/#breadcrumb"},"inLanguage":"fr-BE","potentialAction":[{"@type":"ReadAction","target":["https:\/\/www.orioncenter.be\/cookies\/"]}]},{"@type":"BreadcrumbList","@id":"https:\/\/www.orioncenter.be\/cookies\/#breadcrumb","itemListElement":[{"@type":"ListItem","position":1,"name":"Home","item":"https:\/\/www.orioncenter.be\/"},{"@type":"ListItem","position":2,"name":"Cookies"}]},{"@type":"WebSite","@id":"https:\/\/www.orioncenter.be\/#website","url":"https:\/\/www.orioncenter.be\/","name":"Orioncenter.be","description":"Belgium's premier shooting range","publisher":{"@id":"https:\/\/www.orioncenter.be\/#organization"},"alternateName":"Orion Training Center","potentialAction":[{"@type":"SearchAction","target":{"@type":"EntryPoint","urlTemplate":"https:\/\/www.orioncenter.be\/?s={search_term_string}"},"query-input":{"@type":"PropertyValueSpecification","valueRequired":true,"valueName":"search_term_string"}}],"inLanguage":"fr-BE"},{"@type":"Organization","@id":"https:\/\/www.orioncenter.be\/#organization","name":"Centre de formation Orion","alternateName":"Orion Training Center","url":"https:\/\/www.orioncenter.be\/","logo":{"@type":"ImageObject","inLanguage":"fr-BE","@id":"https:\/\/www.orioncenter.be\/#\/schema\/logo\/image\/","url":"https:\/\/www.orioncenter.be\/wp-content\/uploads\/2024\/11\/Logo-website-2024-transparant-metal.png","contentUrl":"https:\/\/www.orioncenter.be\/wp-content\/uploads\/2024\/11\/Logo-website-2024-transparant-metal.png","width":1875,"height":625,"caption":"Orion Training Center"},"image":{"@id":"https:\/\/www.orioncenter.be\/#\/schema\/logo\/image\/"},"sameAs":["https:\/\/www.facebook.com\/profile.php?id=61567727466888","https:\/\/www.youtube.com\/channel\/UCSOma6ruzcdrtKz72WYeTVQ","https:\/\/www.instagram.com\/oriontrainingcenter_belgium?igsh=OTdwdHc5M2tuNTl4&utm_source=qr"]}]}},"_links":{"self":[{"href":"https:\/\/www.orioncenter.be\/fr_be\/wp-json\/wp\/v2\/pages\/7751","targetHints":{"allow":["GET"]}}],"collection":[{"href":"https:\/\/www.orioncenter.be\/fr_be\/wp-json\/wp\/v2\/pages"}],"about":[{"href":"https:\/\/www.orioncenter.be\/fr_be\/wp-json\/wp\/v2\/types\/page"}],"author":[{"embeddable":true,"href":"https:\/\/www.orioncenter.be\/fr_be\/wp-json\/wp\/v2\/users\/2"}],"replies":[{"embeddable":true,"href":"https:\/\/www.orioncenter.be\/fr_be\/wp-json\/wp\/v2\/comments?post=7751"}],"version-history":[{"count":14,"href":"https:\/\/www.orioncenter.be\/fr_be\/wp-json\/wp\/v2\/pages\/7751\/revisions"}],"predecessor-version":[{"id":8490,"href":"https:\/\/www.orioncenter.be\/fr_be\/wp-json\/wp\/v2\/pages\/7751\/revisions\/8490"}],"wp:attachment":[{"href":"https:\/\/www.orioncenter.be\/fr_be\/wp-json\/wp\/v2\/media?parent=7751"}],"curies":[{"name":"wp","href":"https:\/\/api.w.org\/{rel}","templated":true}]}}